{"id":462,"date":"2021-05-04T02:20:08","date_gmt":"2021-05-04T02:20:08","guid":{"rendered":"http:\/\/www.absonssa.com\/catalogo\/?post_type=product&#038;p=462"},"modified":"2026-03-17T17:28:45","modified_gmt":"2026-03-17T23:28:45","slug":"renu-advanced","status":"publish","type":"product","link":"https:\/\/www.absonssa.com\/catalogo\/producto\/renu-advanced\/","title":{"rendered":"Renu Advanced"},"content":{"rendered":"<ul class=\"a-unordered-list a-vertical a-spacing-mini\">\n<li><span class=\"a-list-item\">F\u00f3rmula avanzada Renu: nuestra nueva innovaci\u00f3n en lentes de contacto, esta soluci\u00f3n multiusos tiene un triple desinfectante que funciona en s\u00f3lo 4 horas para matar el 99,9% de los g\u00e9rmenes. Hidrata tus lentes para comodidad durante todo el d\u00eda.<\/span><\/li>\n<li><span class=\"a-list-item\">Soluci\u00f3n de lentes multiusos: la soluci\u00f3n de lentes de contacto multiusos Renu se puede utilizar a diario para limpiar tus lentes, guardarlos en una funda de lentes de contacto cuando no se usan, o desinfectar y enjuagar las lentes.<\/span><\/li>\n<li><span class=\"a-list-item\">Simplifica el cuidado de tus lentes de contacto: ve m\u00e1s all\u00e1 de limpiar y mant\u00e9n tus contactos limpios y c\u00f3modos con la soluci\u00f3n de contacto Renu.<\/span><\/li>\n<li><span class=\"a-list-item\">Renu de Bushch + Lomb: Renu Advanced Formula es nuestra innovaci\u00f3n m\u00e1s reciente en el cuidado de lentes y sustituye tanto Renu Fresh y Renu Sensitive con una soluci\u00f3n creada para ayudar a mejorar tu experiencia de uso de lentes.<\/span><\/li>\n<li><span class=\"a-list-item\">Soluci\u00f3n de lentes de contacto de Bushch + Lomo: va m\u00e1s all\u00e1 de limpiar con Renu. Nada desinfecta mejor.<\/span><\/li>\n<\/ul>\n<p>&nbsp;<\/p>\n","protected":false},"excerpt":{"rendered":"<p><span class=\"a-list-item\">F\u00f3rmula avanzada Renu: nuestra nueva innovaci\u00f3n en lentes de contacto, esta soluci\u00f3n multiusos tiene un triple desinfectante que funciona en s\u00f3lo 4 horas para matar el 99,9% de los g\u00e9rmenes. Hidrata tus lentes para comodidad durante todo el d\u00eda.<\/span><\/p>\n","protected":false},"featured_media":710,"comment_status":"open","ping_status":"closed","template":"","meta":{"site-sidebar-layout":"default","site-content-layout":"default","ast-site-content-layout":"default","site-content-style":"default","site-sidebar-style":"default","ast-global-header-display":"","ast-banner-title-visibility":"","ast-main-header-display":"","ast-hfb-above-header-display":"","ast-hfb-below-header-display":"","ast-hfb-mobile-header-display":"","site-post-title":"","ast-breadcrumbs-content":"","ast-featured-img":"","footer-sml-layout":"","ast-disable-related-posts":"","theme-transparent-header-meta":"default","adv-header-id-meta":"","stick-header-meta":"","header-above-stick-meta":"","header-main-stick-meta":"","header-below-stick-meta":"","astra-migrate-meta-layouts":"default","ast-page-background-enabled":"default","ast-page-background-meta":{"desktop":{"background-color":"var(--ast-global-color-4)","background-image":"","background-repeat":"repeat","background-position":"center center","background-size":"auto","background-attachment":"scroll","background-type":"","background-media":"","overlay-type":"","overlay-color":"","overlay-opacity":"","overlay-gradient":""},"tablet":{"background-color":"","background-image":"","background-repeat":"repeat","background-position":"center center","background-size":"auto","background-attachment":"scroll","background-type":"","background-media":"","overlay-type":"","overlay-color":"","overlay-opacity":"","overlay-gradient":""},"mobile":{"background-color":"","background-image":"","background-repeat":"repeat","background-position":"center center","background-size":"auto","background-attachment":"scroll","background-type":"","background-media":"","overlay-type":"","overlay-color":"","overlay-opacity":"","overlay-gradient":""}},"ast-content-background-meta":{"desktop":{"background-color":"var(--ast-global-color-5)","background-image":"","background-repeat":"repeat","background-position":"center center","background-size":"auto","background-attachment":"scroll","background-type":"","background-media":"","overlay-type":"","overlay-color":"","overlay-opacity":"","overlay-gradient":""},"tablet":{"background-color":"var(--ast-global-color-5)","background-image":"","background-repeat":"repeat","background-position":"center center","background-size":"auto","background-attachment":"scroll","background-type":"","background-media":"","overlay-type":"","overlay-color":"","overlay-opacity":"","overlay-gradient":""},"mobile":{"background-color":"var(--ast-global-color-5)","background-image":"","background-repeat":"repeat","background-position":"center center","background-size":"auto","background-attachment":"scroll","background-type":"","background-media":"","overlay-type":"","overlay-color":"","overlay-opacity":"","overlay-gradient":""}}},"product_brand":[],"product_cat":[18],"product_tag":[],"class_list":{"0":"post-462","1":"product","2":"type-product","3":"status-publish","4":"has-post-thumbnail","6":"product_cat-oftalmico","7":"desktop-align-left","8":"tablet-align-left","9":"mobile-align-left","11":"first","12":"instock","13":"shipping-taxable","14":"product-type-variable"},"_links":{"self":[{"href":"https:\/\/www.absonssa.com\/catalogo\/wp-json\/wp\/v2\/product\/462","targetHints":{"allow":["GET"]}}],"collection":[{"href":"https:\/\/www.absonssa.com\/catalogo\/wp-json\/wp\/v2\/product"}],"about":[{"href":"https:\/\/www.absonssa.com\/catalogo\/wp-json\/wp\/v2\/types\/product"}],"replies":[{"embeddable":true,"href":"https:\/\/www.absonssa.com\/catalogo\/wp-json\/wp\/v2\/comments?post=462"}],"wp:featuredmedia":[{"embeddable":true,"href":"https:\/\/www.absonssa.com\/catalogo\/wp-json\/wp\/v2\/media\/710"}],"wp:attachment":[{"href":"https:\/\/www.absonssa.com\/catalogo\/wp-json\/wp\/v2\/media?parent=462"}],"wp:term":[{"taxonomy":"product_brand","embeddable":true,"href":"https:\/\/www.absonssa.com\/catalogo\/wp-json\/wp\/v2\/product_brand?post=462"},{"taxonomy":"product_cat","embeddable":true,"href":"https:\/\/www.absonssa.com\/catalogo\/wp-json\/wp\/v2\/product_cat?post=462"},{"taxonomy":"product_tag","embeddable":true,"href":"https:\/\/www.absonssa.com\/catalogo\/wp-json\/wp\/v2\/product_tag?post=462"}],"curies":[{"name":"wp","href":"https:\/\/api.w.org\/{rel}","templated":true}]}}