{"id":270,"date":"2021-05-03T14:29:30","date_gmt":"2021-05-03T14:29:30","guid":{"rendered":"http:\/\/www.absonssa.com\/catalogo\/?post_type=product&#038;p=270"},"modified":"2026-03-17T17:28:45","modified_gmt":"2026-03-17T23:28:45","slug":"biotrue","status":"publish","type":"product","link":"https:\/\/www.absonssa.com\/catalogo\/producto\/biotrue\/","title":{"rendered":"Biotrue"},"content":{"rendered":"<p>Biotrue, una soluci\u00f3n para limpieza, desinfecci\u00f3n, cuidado y conservaci\u00f3n para lentes de contacto blandas de hidrogel e hidrogel de siliconas.\u00a0 La nueva f\u00f3rmula pertenece a la categor\u00eda de productos \u201cbioinspirados\u201d, es decir: especialmente dise\u00f1ados para que imiten el comportamiento de elementos de la naturaleza para lo que emplea los principios de la Biomim\u00e9tica\u00a0(bio: vida, mimesis: imitar).<\/p>\n<p><strong><u>Como una l\u00e1grima natural<\/u><\/strong><\/p>\n<p>Las pruebas cl\u00ednicas realizadas con la nueva soluci\u00f3n han demostrado\u00a0 que lubrica y humecta a las lentes de contacto de la misma forma que lo realizan los ojos ya que contiene un lubricante similar. Biotrue forma una red acuosa que envuelve y humecta la lente.<\/p>\n<p>As\u00ed mismo tiene un pH equilibrado comparable al de una l\u00e1grima y un sistema de desinfecci\u00f3n dual contra los g\u00e9rmenes. Con estas caracter\u00edsticas, esta soluci\u00f3n ayuda a eliminar las prote\u00ednas que se pueden depositar en las lentes y hacer borrosa la visi\u00f3n; mientras que mantiene ciertas prote\u00ednas beneficiosas de la l\u00e1grima en su estado natural evitando la formaci\u00f3n de dep\u00f3sitos.<\/p>\n<p>Una encuesta realizada a usuarios de Biotrue destac\u00f3 entre los principales beneficios reportados: la sensaci\u00f3n de limpieza durante todo el d\u00eda (mencionado por el 90%), el confort (84%), y el parecido con las propias las l\u00e1grimas (81%).<\/p>\n","protected":false},"excerpt":{"rendered":"<p><strong>Biotrue<\/strong> es una soluci\u00f3n \u00fanica inspirada en la biolog\u00eda de los ojos. Permite un uso confortable de las lentes durante todo el d\u00eda, ya que aporta hasta 20 horas de hidrataci\u00f3n\u00a0y una eficacia en desinfecci\u00f3n excepcional.<\/p>\n","protected":false},"featured_media":995,"comment_status":"open","ping_status":"closed","template":"","meta":{"site-sidebar-layout":"default","site-content-layout":"default","ast-site-content-layout":"default","site-content-style":"default","site-sidebar-style":"default","ast-global-header-display":"","ast-banner-title-visibility":"","ast-main-header-display":"","ast-hfb-above-header-display":"","ast-hfb-below-header-display":"","ast-hfb-mobile-header-display":"","site-post-title":"","ast-breadcrumbs-content":"","ast-featured-img":"","footer-sml-layout":"","ast-disable-related-posts":"","theme-transparent-header-meta":"default","adv-header-id-meta":"","stick-header-meta":"","header-above-stick-meta":"","header-main-stick-meta":"","header-below-stick-meta":"","astra-migrate-meta-layouts":"default","ast-page-background-enabled":"default","ast-page-background-meta":{"desktop":{"background-color":"var(--ast-global-color-4)","background-image":"","background-repeat":"repeat","background-position":"center center","background-size":"auto","background-attachment":"scroll","background-type":"","background-media":"","overlay-type":"","overlay-color":"","overlay-opacity":"","overlay-gradient":""},"tablet":{"background-color":"","background-image":"","background-repeat":"repeat","background-position":"center center","background-size":"auto","background-attachment":"scroll","background-type":"","background-media":"","overlay-type":"","overlay-color":"","overlay-opacity":"","overlay-gradient":""},"mobile":{"background-color":"","background-image":"","background-repeat":"repeat","background-position":"center center","background-size":"auto","background-attachment":"scroll","background-type":"","background-media":"","overlay-type":"","overlay-color":"","overlay-opacity":"","overlay-gradient":""}},"ast-content-background-meta":{"desktop":{"background-color":"var(--ast-global-color-5)","background-image":"","background-repeat":"repeat","background-position":"center center","background-size":"auto","background-attachment":"scroll","background-type":"","background-media":"","overlay-type":"","overlay-color":"","overlay-opacity":"","overlay-gradient":""},"tablet":{"background-color":"var(--ast-global-color-5)","background-image":"","background-repeat":"repeat","background-position":"center center","background-size":"auto","background-attachment":"scroll","background-type":"","background-media":"","overlay-type":"","overlay-color":"","overlay-opacity":"","overlay-gradient":""},"mobile":{"background-color":"var(--ast-global-color-5)","background-image":"","background-repeat":"repeat","background-position":"center center","background-size":"auto","background-attachment":"scroll","background-type":"","background-media":"","overlay-type":"","overlay-color":"","overlay-opacity":"","overlay-gradient":""}}},"product_brand":[],"product_cat":[18],"product_tag":[],"class_list":{"0":"post-270","1":"product","2":"type-product","3":"status-publish","4":"has-post-thumbnail","6":"product_cat-oftalmico","7":"desktop-align-left","8":"tablet-align-left","9":"mobile-align-left","11":"first","12":"instock","13":"shipping-taxable","14":"product-type-variable"},"_links":{"self":[{"href":"https:\/\/www.absonssa.com\/catalogo\/wp-json\/wp\/v2\/product\/270","targetHints":{"allow":["GET"]}}],"collection":[{"href":"https:\/\/www.absonssa.com\/catalogo\/wp-json\/wp\/v2\/product"}],"about":[{"href":"https:\/\/www.absonssa.com\/catalogo\/wp-json\/wp\/v2\/types\/product"}],"replies":[{"embeddable":true,"href":"https:\/\/www.absonssa.com\/catalogo\/wp-json\/wp\/v2\/comments?post=270"}],"wp:featuredmedia":[{"embeddable":true,"href":"https:\/\/www.absonssa.com\/catalogo\/wp-json\/wp\/v2\/media\/995"}],"wp:attachment":[{"href":"https:\/\/www.absonssa.com\/catalogo\/wp-json\/wp\/v2\/media?parent=270"}],"wp:term":[{"taxonomy":"product_brand","embeddable":true,"href":"https:\/\/www.absonssa.com\/catalogo\/wp-json\/wp\/v2\/product_brand?post=270"},{"taxonomy":"product_cat","embeddable":true,"href":"https:\/\/www.absonssa.com\/catalogo\/wp-json\/wp\/v2\/product_cat?post=270"},{"taxonomy":"product_tag","embeddable":true,"href":"https:\/\/www.absonssa.com\/catalogo\/wp-json\/wp\/v2\/product_tag?post=270"}],"curies":[{"name":"wp","href":"https:\/\/api.w.org\/{rel}","templated":true}]}}